{"id":1020,"date":"2023-12-26T19:43:56","date_gmt":"2023-12-26T19:43:56","guid":{"rendered":"https:\/\/digitalsignadvertising.net\/?page_id=1020"},"modified":"2023-12-26T19:46:54","modified_gmt":"2023-12-26T19:46:54","slug":"mi-cuenta","status":"publish","type":"page","link":"https:\/\/digitalsignadvertising.net\/en\/my-account\/","title":{"rendered":"My Account"},"content":{"rendered":"<div data-elementor-type=\"wp-page\" data-elementor-id=\"1020\" class=\"elementor elementor-1020\" data-elementor-post-type=\"page\">\n\t\t\t\t<div class=\"elementor-element elementor-element-a9f4aad e-flex e-con-boxed e-con e-parent\" data-id=\"a9f4aad\" data-element_type=\"container\" data-settings=\"{&quot;background_background&quot;:&quot;classic&quot;}\">\n\t\t\t\t\t<div class=\"e-con-inner\">\n\t\t\t\t<div class=\"elementor-element elementor-element-447a095 e-my-account-tabs-vertical elementor-widget elementor-widget-woocommerce-my-account\" data-id=\"447a095\" data-element_type=\"widget\" data-widget_type=\"woocommerce-my-account.default\">\n\t\t\t\t<div class=\"elementor-widget-container\">\n\t\t\t\t\t<div class=\"e-my-account-tab e-my-account-tab__\">\t\t\t<span class=\"elementor-hidden\">[woocommerce_my_account]<\/span>\n\t\t\t<div class=\"woocommerce\"><\/div>\t\t<\/div>\n\t\t\t\t\t\t<\/div>\n\t\t\t\t<\/div>\n\t\t\t\t\t<\/div>\n\t\t\t\t<\/div>\n\t\t\t\t<\/div>","protected":false},"excerpt":{"rendered":"<p>Cuadro de mandos Pedidos Descargas Direcciones Detalles de la cuenta Cierre de sesi\u00f3n Hola admin (\u00bfno eres admin? Cerrar sesi\u00f3n) Desde el panel de control de tu cuenta puedes ver tus pedidos recientes, gestionar tus direcciones de env\u00edo y facturaci\u00f3n y editar tu contrase\u00f1a y los detalles de tu cuenta.<\/p>","protected":false},"author":2,"featured_media":0,"parent":0,"menu_order":0,"comment_status":"closed","ping_status":"closed","template":"","meta":{"footnotes":""},"class_list":["post-1020","page","type-page","status-publish","hentry"],"aioseo_notices":[],"_links":{"self":[{"href":"https:\/\/digitalsignadvertising.net\/en\/wp-json\/wp\/v2\/pages\/1020","targetHints":{"allow":["GET"]}}],"collection":[{"href":"https:\/\/digitalsignadvertising.net\/en\/wp-json\/wp\/v2\/pages"}],"about":[{"href":"https:\/\/digitalsignadvertising.net\/en\/wp-json\/wp\/v2\/types\/page"}],"author":[{"embeddable":true,"href":"https:\/\/digitalsignadvertising.net\/en\/wp-json\/wp\/v2\/users\/2"}],"replies":[{"embeddable":true,"href":"https:\/\/digitalsignadvertising.net\/en\/wp-json\/wp\/v2\/comments?post=1020"}],"version-history":[{"count":7,"href":"https:\/\/digitalsignadvertising.net\/en\/wp-json\/wp\/v2\/pages\/1020\/revisions"}],"predecessor-version":[{"id":1028,"href":"https:\/\/digitalsignadvertising.net\/en\/wp-json\/wp\/v2\/pages\/1020\/revisions\/1028"}],"wp:attachment":[{"href":"https:\/\/digitalsignadvertising.net\/en\/wp-json\/wp\/v2\/media?parent=1020"}],"curies":[{"name":"wp","href":"https:\/\/api.w.org\/{rel}","templated":true}]}}