{"id":341,"date":"2023-12-19T23:14:49","date_gmt":"2023-12-19T23:14:49","guid":{"rendered":"https:\/\/digitalsignadvertising.net\/?page_id=341"},"modified":"2024-01-10T21:05:37","modified_gmt":"2024-01-10T21:05:37","slug":"nosotros","status":"publish","type":"page","link":"https:\/\/digitalsignadvertising.net\/en\/about-us\/","title":{"rendered":"About us"},"content":{"rendered":"<div data-elementor-type=\"wp-page\" data-elementor-id=\"341\" class=\"elementor elementor-341\" data-elementor-post-type=\"page\">\n\t\t\t\t\t\t<section class=\"elementor-section elementor-top-section elementor-element elementor-element-25fd5858 elementor-section-boxed elementor-section-height-default elementor-section-height-default\" data-id=\"25fd5858\" data-element_type=\"section\" data-settings=\"{&quot;background_background&quot;:&quot;classic&quot;}\">\n\t\t\t\t\t\t\t<div class=\"elementor-background-overlay\"><\/div>\n\t\t\t\t\t\t\t<div class=\"elementor-container elementor-column-gap-default\">\n\t\t\t\t\t<div class=\"elementor-column elementor-col-100 elementor-top-column elementor-element elementor-element-fbd44d7\" data-id=\"fbd44d7\" data-element_type=\"column\">\n\t\t\t<div class=\"elementor-widget-wrap elementor-element-populated\">\n\t\t\t\t\t\t<div class=\"elementor-element elementor-element-449944fb elementor-widget elementor-widget-heading\" data-id=\"449944fb\" data-element_type=\"widget\" data-widget_type=\"heading.default\">\n\t\t\t\t<div class=\"elementor-widget-container\">\n\t\t\t\t\t<h1 class=\"elementor-heading-title elementor-size-default\">About us<\/h1>\t\t\t\t<\/div>\n\t\t\t\t<\/div>\n\t\t\t\t\t<\/div>\n\t\t<\/div>\n\t\t\t\t\t<\/div>\n\t\t<\/section>\n\t\t\t\t<section class=\"elementor-section elementor-top-section elementor-element elementor-element-457fed4 elementor-section-boxed elementor-section-height-default elementor-section-height-default\" data-id=\"457fed4\" data-element_type=\"section\" data-settings=\"{&quot;background_background&quot;:&quot;classic&quot;}\">\n\t\t\t\t\t\t<div class=\"elementor-container elementor-column-gap-default\">\n\t\t\t\t\t<div class=\"elementor-column elementor-col-50 elementor-top-column elementor-element elementor-element-3bfe6d1\" data-id=\"3bfe6d1\" data-element_type=\"column\" data-settings=\"{&quot;background_background&quot;:&quot;classic&quot;}\">\n\t\t\t<div class=\"elementor-widget-wrap elementor-element-populated\">\n\t\t\t\t\t\t<section class=\"elementor-section elementor-inner-section elementor-element elementor-element-e86feb2 elementor-section-boxed elementor-section-height-default elementor-section-height-default\" data-id=\"e86feb2\" data-element_type=\"section\">\n\t\t\t\t\t\t<div class=\"elementor-container elementor-column-gap-default\">\n\t\t\t\t\t<div class=\"elementor-column elementor-col-100 elementor-inner-column elementor-element elementor-element-9c09e29 animated-slow elementor-invisible\" data-id=\"9c09e29\" data-element_type=\"column\" data-settings=\"{&quot;animation&quot;:&quot;fadeIn&quot;}\">\n\t\t\t<div class=\"elementor-widget-wrap elementor-element-populated\">\n\t\t\t\t\t\t<div class=\"elementor-element elementor-element-e634bf2 elementor-widget elementor-widget-image\" data-id=\"e634bf2\" data-element_type=\"widget\" data-widget_type=\"image.default\">\n\t\t\t\t<div class=\"elementor-widget-container\">\n\t\t\t\t\t\t\t\t\t\t\t\t\t\t\t<img fetchpriority=\"high\" decoding=\"async\" width=\"800\" height=\"534\" src=\"https:\/\/digitalsignadvertising.net\/wp-content\/uploads\/2023\/12\/shutterstock_1205409658.jpg\" class=\"attachment-large size-large wp-image-789\" alt=\"\" srcset=\"https:\/\/digitalsignadvertising.net\/wp-content\/uploads\/2023\/12\/shutterstock_1205409658.jpg 1000w, https:\/\/digitalsignadvertising.net\/wp-content\/uploads\/2023\/12\/shutterstock_1205409658-300x200.jpg 300w, https:\/\/digitalsignadvertising.net\/wp-content\/uploads\/2023\/12\/shutterstock_1205409658-768x512.jpg 768w, https:\/\/digitalsignadvertising.net\/wp-content\/uploads\/2023\/12\/shutterstock_1205409658-18x12.jpg 18w, https:\/\/digitalsignadvertising.net\/wp-content\/uploads\/2023\/12\/shutterstock_1205409658-600x400.jpg 600w\" sizes=\"(max-width: 800px) 100vw, 800px\" \/>\t\t\t\t\t\t\t\t\t\t\t\t\t\t\t<\/div>\n\t\t\t\t<\/div>\n\t\t\t\t\t<\/div>\n\t\t<\/div>\n\t\t\t\t\t<\/div>\n\t\t<\/section>\n\t\t\t\t\t<\/div>\n\t\t<\/div>\n\t\t\t\t<div class=\"elementor-column elementor-col-50 elementor-top-column elementor-element elementor-element-be19518\" data-id=\"be19518\" data-element_type=\"column\" data-settings=\"{&quot;background_background&quot;:&quot;classic&quot;}\">\n\t\t\t<div class=\"elementor-widget-wrap elementor-element-populated\">\n\t\t\t\t\t\t<div class=\"elementor-element elementor-element-7079f05 animated-slow elementor-invisible elementor-widget elementor-widget-heading\" data-id=\"7079f05\" data-element_type=\"widget\" data-settings=\"{&quot;_animation&quot;:&quot;zoomIn&quot;}\" data-widget_type=\"heading.default\">\n\t\t\t\t<div class=\"elementor-widget-container\">\n\t\t\t\t\t<h2 class=\"elementor-heading-title elementor-size-default\">Digital Sign Advertising<\/h2>\t\t\t\t<\/div>\n\t\t\t\t<\/div>\n\t\t\t\t<div class=\"elementor-element elementor-element-ca65c60 animated-slow elementor-invisible elementor-widget elementor-widget-heading\" data-id=\"ca65c60\" data-element_type=\"widget\" data-settings=\"{&quot;_animation&quot;:&quot;fadeIn&quot;,&quot;_animation_delay&quot;:900}\" data-widget_type=\"heading.default\">\n\t\t\t\t<div class=\"elementor-widget-container\">\n\t\t\t\t\t<h2 class=\"elementor-heading-title elementor-size-default\">Company Overview<\/h2>\t\t\t\t<\/div>\n\t\t\t\t<\/div>\n\t\t\t\t<div class=\"elementor-element elementor-element-f595f89 animated-slow elementor-invisible elementor-widget elementor-widget-text-editor\" data-id=\"f595f89\" data-element_type=\"widget\" data-settings=\"{&quot;_animation&quot;:&quot;fadeIn&quot;,&quot;_animation_delay&quot;:1100}\" data-widget_type=\"text-editor.default\">\n\t\t\t\t<div class=\"elementor-widget-container\">\n\t\t\t\t\t\t\t\t\t<p>Welcome to Digital Sign Advertising, a forward-thinking pioneer in the ever-changing realm of visual storytelling. We established ourselves at the forefront of the media production environment with a determination to reinvent the standards of creativity and innovation. Our path has been distinguished by a desire to tell great stories, use cutting-edge technology, and provide experiences that resonate with people all around the world.<\/p><p>At Digital Sign Advertising, we believe in the power of narrative to bridge gaps and bring people together. Our dedication to quality is evident not just in the content we produce, but also in the collaborative attitude that characterizes our workplace culture. From inception to completion, we approach each project with excitement, accuracy, and a commitment to bringing ideas to life.<\/p>\t\t\t\t\t\t\t\t<\/div>\n\t\t\t\t<\/div>\n\t\t\t\t<div class=\"elementor-element elementor-element-d16c19d elementor-mobile-align-center animated-slow elementor-invisible elementor-widget elementor-widget-button\" data-id=\"d16c19d\" data-element_type=\"widget\" data-settings=\"{&quot;_animation&quot;:&quot;zoomIn&quot;,&quot;_animation_delay&quot;:1300}\" data-widget_type=\"button.default\">\n\t\t\t\t<div class=\"elementor-widget-container\">\n\t\t\t\t\t\t\t\t\t<div class=\"elementor-button-wrapper\">\n\t\t\t\t\t<a class=\"elementor-button elementor-button-link elementor-size-sm\" href=\"https:\/\/digitalsignadvertising.net\/en\/contact-us\/\">\n\t\t\t\t\t\t<span class=\"elementor-button-content-wrapper\">\n\t\t\t\t\t\t\t\t\t<span class=\"elementor-button-text\">Go to Contact<\/span>\n\t\t\t\t\t<\/span>\n\t\t\t\t\t<\/a>\n\t\t\t\t<\/div>\n\t\t\t\t\t\t\t\t<\/div>\n\t\t\t\t<\/div>\n\t\t\t\t\t<\/div>\n\t\t<\/div>\n\t\t\t\t\t<\/div>\n\t\t<\/section>\n\t\t\t\t<section class=\"elementor-section elementor-top-section elementor-element elementor-element-979f787 elementor-section-boxed elementor-section-height-default elementor-section-height-default\" data-id=\"979f787\" data-element_type=\"section\" data-settings=\"{&quot;background_background&quot;:&quot;classic&quot;}\">\n\t\t\t\t\t\t\t<div class=\"elementor-background-overlay\"><\/div>\n\t\t\t\t\t\t\t<div class=\"elementor-container elementor-column-gap-default\">\n\t\t\t\t\t<div class=\"elementor-column elementor-col-100 elementor-top-column elementor-element elementor-element-6b7a56c\" data-id=\"6b7a56c\" data-element_type=\"column\">\n\t\t\t<div class=\"elementor-widget-wrap elementor-element-populated\">\n\t\t\t\t\t\t<div class=\"elementor-element elementor-element-6e71112 animated-slow elementor-invisible elementor-widget elementor-widget-heading\" data-id=\"6e71112\" data-element_type=\"widget\" data-settings=\"{&quot;_animation&quot;:&quot;fadeIn&quot;,&quot;_animation_delay&quot;:900}\" data-widget_type=\"heading.default\">\n\t\t\t\t<div class=\"elementor-widget-container\">\n\t\t\t\t\t<h2 class=\"elementor-heading-title elementor-size-default\">Mission and Values<\/h2>\t\t\t\t<\/div>\n\t\t\t\t<\/div>\n\t\t\t\t<div class=\"elementor-element elementor-element-463c9a8 animated-slow elementor-invisible elementor-widget elementor-widget-text-editor\" data-id=\"463c9a8\" data-element_type=\"widget\" data-settings=\"{&quot;_animation&quot;:&quot;fadeIn&quot;,&quot;_animation_delay&quot;:500}\" data-widget_type=\"text-editor.default\">\n\t\t\t\t<div class=\"elementor-widget-container\">\n\t\t\t\t\t\t\t\t\t<p><em><strong>Mission:<\/strong><\/em><\/p><p>Our mission at Digital Sign Advertising is to be a catalyst for transformative storytelling. We strive to inspire, engage, and captivate audiences by producing content that transcends the ordinary. Through the seamless fusion of creativity and technology, we aim to leave an indelible mark on the world of visual media, redefining the way stories are told and experienced.<\/p><p><em><strong>Values :<\/strong><\/em><\/p><p>Innovation: We embrace and drive innovation in every aspect of our work, pushing the boundaries of what's possible in visual storytelling.<\/p><p>Collaboration: We believe in the power of collaboration, recognizing that diverse perspectives and talents enrich the creative process and lead to exceptional outcomes.<\/p><p>Excellence: We are unwavering in our pursuit of excellence, consistently delivering high-quality content that exceeds expectations and stands the test of time.<\/p><p>Integrity: We operate with integrity, transparency, and ethical conduct, fostering trust with our clients, partners, and team members.<\/p><p>Passion: Our passion for storytelling fuels our dedication to each project, driving us to create content that not only meets objectives but resonates on a profound level.<\/p>\t\t\t\t\t\t\t\t<\/div>\n\t\t\t\t<\/div>\n\t\t\t\t<div class=\"elementor-element elementor-element-cfaa37c elementor-mobile-align-center animated-slow elementor-invisible elementor-widget elementor-widget-button\" data-id=\"cfaa37c\" data-element_type=\"widget\" data-settings=\"{&quot;_animation&quot;:&quot;fadeIn&quot;,&quot;_animation_delay&quot;:700}\" data-widget_type=\"button.default\">\n\t\t\t\t<div class=\"elementor-widget-container\">\n\t\t\t\t\t\t\t\t\t<div class=\"elementor-button-wrapper\">\n\t\t\t\t\t<a class=\"elementor-button elementor-button-link elementor-size-sm\" href=\"https:\/\/digitalsignadvertising.net\/en\/plans-2\/\">\n\t\t\t\t\t\t<span class=\"elementor-button-content-wrapper\">\n\t\t\t\t\t\t\t\t\t<span class=\"elementor-button-text\">View Plans<\/span>\n\t\t\t\t\t<\/span>\n\t\t\t\t\t<\/a>\n\t\t\t\t<\/div>\n\t\t\t\t\t\t\t\t<\/div>\n\t\t\t\t<\/div>\n\t\t\t\t\t<\/div>\n\t\t<\/div>\n\t\t\t\t\t<\/div>\n\t\t<\/section>\n\t\t\t\t<\/div>","protected":false},"excerpt":{"rendered":"<p>Nosotros Digital Sign Advertising Descripci\u00f3n general de la empresa Bienvenido a Digital Sign Advertising, un pionero en el campo siempre cambiante de la narraci\u00f3n visual con visi\u00f3n de futuro. Con la determinaci\u00f3n de reinventar los est\u00e1ndares de creatividad e innovaci\u00f3n, nos establecimos a la vanguardia del entorno de producci\u00f3n de medios. El deseo de contar [&hellip;]<\/p>","protected":false},"author":2,"featured_media":0,"parent":0,"menu_order":0,"comment_status":"closed","ping_status":"closed","template":"elementor_header_footer","meta":{"footnotes":""},"class_list":["post-341","page","type-page","status-publish","hentry"],"aioseo_notices":[],"_links":{"self":[{"href":"https:\/\/digitalsignadvertising.net\/en\/wp-json\/wp\/v2\/pages\/341","targetHints":{"allow":["GET"]}}],"collection":[{"href":"https:\/\/digitalsignadvertising.net\/en\/wp-json\/wp\/v2\/pages"}],"about":[{"href":"https:\/\/digitalsignadvertising.net\/en\/wp-json\/wp\/v2\/types\/page"}],"author":[{"embeddable":true,"href":"https:\/\/digitalsignadvertising.net\/en\/wp-json\/wp\/v2\/users\/2"}],"replies":[{"embeddable":true,"href":"https:\/\/digitalsignadvertising.net\/en\/wp-json\/wp\/v2\/comments?post=341"}],"version-history":[{"count":82,"href":"https:\/\/digitalsignadvertising.net\/en\/wp-json\/wp\/v2\/pages\/341\/revisions"}],"predecessor-version":[{"id":1743,"href":"https:\/\/digitalsignadvertising.net\/en\/wp-json\/wp\/v2\/pages\/341\/revisions\/1743"}],"wp:attachment":[{"href":"https:\/\/digitalsignadvertising.net\/en\/wp-json\/wp\/v2\/media?parent=341"}],"curies":[{"name":"wp","href":"https:\/\/api.w.org\/{rel}","templated":true}]}}