{"id":376,"date":"2023-12-20T19:31:30","date_gmt":"2023-12-20T19:31:30","guid":{"rendered":"https:\/\/digitalsignadvertising.net\/?page_id=376"},"modified":"2024-01-23T19:23:05","modified_gmt":"2024-01-23T19:23:05","slug":"terminos-y-condiciones","status":"publish","type":"page","link":"https:\/\/digitalsignadvertising.net\/en\/terms-and-conditions\/","title":{"rendered":"Terms &amp; Conditions"},"content":{"rendered":"<div data-elementor-type=\"wp-page\" data-elementor-id=\"376\" class=\"elementor elementor-376\" data-elementor-post-type=\"page\">\n\t\t\t\t<div class=\"elementor-element elementor-element-d9a1b5b e-flex e-con-boxed e-con e-parent\" data-id=\"d9a1b5b\" data-element_type=\"container\">\n\t\t\t\t\t<div class=\"e-con-inner\">\n\t\t\t\t<div class=\"elementor-element elementor-element-c64fdb9 elementor-widget elementor-widget-text-editor\" data-id=\"c64fdb9\" data-element_type=\"widget\" data-widget_type=\"text-editor.default\">\n\t\t\t\t<div class=\"elementor-widget-container\">\n\t\t\t\t\t\t\t\t\t<p>Terms &amp; Conditions<\/p><p>Last updated: November 30th, 2023<\/p><p>These terms and conditions (\"Agreement\") are entered into by and between Digital Sign Advertising (\"Company,\" \"we,\" or \"us\") and the individual or legal entity (\"User,\" \"you,\" or \"your\") accessing or using the Digital Sign Advertising website (\"Website\").<\/p><p>1. Acceptance of Terms<\/p><p>By accessing or using the Website, you agree to comply with and be bound by these Terms and Conditions. If you do not agree to these terms, please do not use the Website.<\/p><p>2. Use of the Website<\/p><p>a. Eligibility: You must be at least 18 years old to use this Website. By using the Website, you represent and warrant that you are of legal age.<\/p><p>b. User Account: You may be required to create a user account. You are responsible for maintaining the confidentiality of your account information.<\/p><p>3. Intellectual Property<\/p><p>a. Ownership: All content on the Website, including but not limited to text, graphics, logos, images, and software, is the property of Digital Sign Advertising and is protected by intellectual property laws.<\/p><p>b. License: Users are granted a limited, non-exclusive, non-transferable license to access and use the Website for personal or business purposes.<\/p><p>4. User Content<\/p><p>a. Submission: Users may submit content to the Website, including but not limited to text, images, and comments. By submitting content, you grant Digital Sign Advertising a worldwide, royalty-free, perpetual license to use, reproduce, modify, adapt, publish, translate, create derivative works, distribute, and display the content.<\/p><p>b. Responsibility: Users are solely responsible for the content they submit and must not violate any third-party rights, including intellectual property rights and privacy.<\/p><p>5. Privacy Policy<\/p><p>Your use of the Website is also governed by our Privacy Policy, which can be found here.<\/p><p>6. Limitation of Liability<\/p><p>Digital Sign Advertising shall not be liable for any indirect, incidental, special, consequential, or punitive damages, or any loss of profits or revenues, whether incurred directly or indirectly.<\/p><p>7. Termination<\/p><p>Digital Sign Advertising reserves the right to terminate or suspend your access to the Website at any time, without notice, for conduct that we believe violates these Terms and Conditions or is harmful to other users or third parties.<\/p><p>8. Governing Law<\/p><p>These Terms and Conditions are governed by and construed in accordance with the laws of Panama. Any disputes arising under or in connection with these terms shall be subject to the exclusive jurisdiction of the Panama courts.<\/p><p>9. Changes to Terms and Conditions<\/p><p>Digital Sign Advertising reserves the right to modify or replace these Terms and Conditions at any time. Users are responsible for regularly reviewing these terms.<\/p><p>10. Contact Information<\/p><p>Address: Panama Shopping Center Building, Floor 3, Office 3-3 Obarrio, 58th Street, Corregimiento de Bella Vista Panama City<\/p><p>Phone: +1 888 212 5068<\/p><p>E-mail: cs@digitalsignadvertising.net<\/p>\t\t\t\t\t\t\t\t<\/div>\n\t\t\t\t<\/div>\n\t\t\t\t\t<\/div>\n\t\t\t\t<\/div>\n\t\t\t\t<\/div>","protected":false},"excerpt":{"rendered":"<p>T\u00e9rminos y Condiciones Ultima actualizaci\u00f3n: 30 de noviembre del 2023. Estos t\u00e9rminos y condiciones (&#8220;Acuerdo&#8221;) son celebrados entre Digital Sign Advertising (&#8220;Compa\u00f1\u00eda&#8221;, &#8220;nosotros&#8221; o &#8220;nuestro&#8221;) y la persona f\u00edsica o entidad legal (&#8220;Usuario&#8221;, &#8220;t\u00fa&#8221; o &#8220;su&#8221;) que accede o utiliza el sitio web de Digital Sign Advertising (&#8220;Sitio web&#8221;). 1. Aceptaci\u00f3n de los T\u00e9rminos Al [&hellip;]<\/p>","protected":false},"author":2,"featured_media":0,"parent":0,"menu_order":0,"comment_status":"closed","ping_status":"closed","template":"","meta":{"footnotes":""},"class_list":["post-376","page","type-page","status-publish","hentry"],"aioseo_notices":[],"_links":{"self":[{"href":"https:\/\/digitalsignadvertising.net\/en\/wp-json\/wp\/v2\/pages\/376","targetHints":{"allow":["GET"]}}],"collection":[{"href":"https:\/\/digitalsignadvertising.net\/en\/wp-json\/wp\/v2\/pages"}],"about":[{"href":"https:\/\/digitalsignadvertising.net\/en\/wp-json\/wp\/v2\/types\/page"}],"author":[{"embeddable":true,"href":"https:\/\/digitalsignadvertising.net\/en\/wp-json\/wp\/v2\/users\/2"}],"replies":[{"embeddable":true,"href":"https:\/\/digitalsignadvertising.net\/en\/wp-json\/wp\/v2\/comments?post=376"}],"version-history":[{"count":16,"href":"https:\/\/digitalsignadvertising.net\/en\/wp-json\/wp\/v2\/pages\/376\/revisions"}],"predecessor-version":[{"id":1786,"href":"https:\/\/digitalsignadvertising.net\/en\/wp-json\/wp\/v2\/pages\/376\/revisions\/1786"}],"wp:attachment":[{"href":"https:\/\/digitalsignadvertising.net\/en\/wp-json\/wp\/v2\/media?parent=376"}],"curies":[{"name":"wp","href":"https:\/\/api.w.org\/{rel}","templated":true}]}}