{"id":391,"date":"2023-12-20T19:37:20","date_gmt":"2023-12-20T19:37:20","guid":{"rendered":"https:\/\/digitalsignadvertising.net\/?page_id=391"},"modified":"2024-01-23T19:20:20","modified_gmt":"2024-01-23T19:20:20","slug":"politica-de-privacidad","status":"publish","type":"page","link":"https:\/\/digitalsignadvertising.net\/en\/privacy-policy\/","title":{"rendered":"Privacy Policy"},"content":{"rendered":"<div data-elementor-type=\"wp-page\" data-elementor-id=\"391\" class=\"elementor elementor-391\" data-elementor-post-type=\"page\">\n\t\t\t\t<div class=\"elementor-element elementor-element-eae2079 e-flex e-con-boxed e-con e-parent\" data-id=\"eae2079\" data-element_type=\"container\">\n\t\t\t\t\t<div class=\"e-con-inner\">\n\t\t\t\t<div class=\"elementor-element elementor-element-219d45d elementor-widget elementor-widget-text-editor\" data-id=\"219d45d\" data-element_type=\"widget\" data-widget_type=\"text-editor.default\">\n\t\t\t\t<div class=\"elementor-widget-container\">\n\t\t\t\t\t\t\t\t\t<p>Privacy Policy<\/p><p>Last updated: November 30th, 2023<\/p><p>This Privacy Policy describes how Digital Sign Advertising (\"us,\" \"we,\" or \"our\") collects, uses, and shares your information when you use our website. By using the Website, you agree to the terms outlined in this Privacy Policy.<\/p><p>Information We Collect:<\/p><p>Personal Information: When you visit our Website, we may collect personal information such as your name, email address, and any other information you voluntarily provide through contact forms.<\/p><p>Usage Data: We may collect information about how you interact with the Website, including IP addresses, browser types, and pages viewed. This data helps us analyze trends and enhance your experience.<\/p><p>How We Use Your Information:<\/p><p>Communication: We use your personal information to respond to inquiries and provide information about our services.<\/p><p>Website Improvement: Usage data helps us improve the functionality and content of our Website.<\/p><p>Information Sharing:<\/p><p>We do not sell, trade, or otherwise transfer your personal information to third parties. This does not include trusted third parties who assist us in operating our Website, conducting our business, or servicing you, as long as those parties agree to keep this information confidential.<\/p><p>Data Security:<\/p><p>We implement a variety of security measures to maintain the safety of your personal information. However, no method of transmission over the internet or electronic storage is entirely secure, and we cannot guarantee absolute security.<\/p><p>Your Options:<\/p><p>You may choose not to provide certain personal information, but this may limit your ability to access specific features of the Website.<\/p><p>Cookies:<\/p><p>We use cookies to enhance your experience on our Website. You can choose to disable cookies through your browser settings, but this may affect your ability to access certain features.<\/p><p>Third-Party Links:<\/p><p>Our Website may contain links to third-party websites. These sites have their own privacy policies, and we have no responsibility or liability for their content and activities.<\/p><p>Updates to Privacy Policy:<\/p><p>We may update this Privacy Policy from time to time. The date of the latest revision will be indicated at the top of the page.<\/p><p>Contact Us:<\/p><p>If you have any questions or concerns about this Privacy Policy, please contact us at:<\/p><p>Address: Panama Shopping Center Building, Floor 3, Office 3-3 Obarrio, 58th Street, Corregimiento de Bella Vista Panama City<\/p><p>Phone: +1 888 212 5068<\/p><p>E-mail: cs@digitalsignadvertising.net<\/p>\t\t\t\t\t\t\t\t<\/div>\n\t\t\t\t<\/div>\n\t\t\t\t\t<\/div>\n\t\t\t\t<\/div>\n\t\t\t\t<\/div>","protected":false},"excerpt":{"rendered":"<p>Pol\u00edtica de Privacidad Ultima actualizaci\u00f3n: 30 de noviembre del 2023. Esta Pol\u00edtica de Privacidad describe c\u00f3mo Digital Sign Advertising (&#8220;nosotros,&#8221; &#8220;nos,&#8221; o &#8220;nuestro&#8221;) recopila, utiliza y comparte tu informaci\u00f3n cuando utilizas nuestro sitio web. Al usar el Sitio web, aceptas los t\u00e9rminos descritos en esta Pol\u00edtica de Privacidad. Informaci\u00f3n que Recopilamos: Informaci\u00f3n Personal: Cuando visitas [&hellip;]<\/p>","protected":false},"author":2,"featured_media":0,"parent":0,"menu_order":0,"comment_status":"closed","ping_status":"closed","template":"","meta":{"footnotes":""},"class_list":["post-391","page","type-page","status-publish","hentry"],"aioseo_notices":[],"_links":{"self":[{"href":"https:\/\/digitalsignadvertising.net\/en\/wp-json\/wp\/v2\/pages\/391","targetHints":{"allow":["GET"]}}],"collection":[{"href":"https:\/\/digitalsignadvertising.net\/en\/wp-json\/wp\/v2\/pages"}],"about":[{"href":"https:\/\/digitalsignadvertising.net\/en\/wp-json\/wp\/v2\/types\/page"}],"author":[{"embeddable":true,"href":"https:\/\/digitalsignadvertising.net\/en\/wp-json\/wp\/v2\/users\/2"}],"replies":[{"embeddable":true,"href":"https:\/\/digitalsignadvertising.net\/en\/wp-json\/wp\/v2\/comments?post=391"}],"version-history":[{"count":10,"href":"https:\/\/digitalsignadvertising.net\/en\/wp-json\/wp\/v2\/pages\/391\/revisions"}],"predecessor-version":[{"id":1780,"href":"https:\/\/digitalsignadvertising.net\/en\/wp-json\/wp\/v2\/pages\/391\/revisions\/1780"}],"wp:attachment":[{"href":"https:\/\/digitalsignadvertising.net\/en\/wp-json\/wp\/v2\/media?parent=391"}],"curies":[{"name":"wp","href":"https:\/\/api.w.org\/{rel}","templated":true}]}}