{"id":398,"date":"2023-12-20T19:40:37","date_gmt":"2023-12-20T19:40:37","guid":{"rendered":"https:\/\/digitalsignadvertising.net\/?page_id=398"},"modified":"2024-01-23T19:21:36","modified_gmt":"2024-01-23T19:21:36","slug":"politica-de-cancelacion","status":"publish","type":"page","link":"https:\/\/digitalsignadvertising.net\/en\/cancellation-policy\/","title":{"rendered":"Cancellation Policy"},"content":{"rendered":"<div data-elementor-type=\"wp-page\" data-elementor-id=\"398\" class=\"elementor elementor-398\" data-elementor-post-type=\"page\">\n\t\t\t\t<div class=\"elementor-element elementor-element-53f0df2 e-flex e-con-boxed e-con e-parent\" data-id=\"53f0df2\" data-element_type=\"container\">\n\t\t\t\t\t<div class=\"e-con-inner\">\n\t\t\t\t<div class=\"elementor-element elementor-element-ea468e5 elementor-widget elementor-widget-text-editor\" data-id=\"ea468e5\" data-element_type=\"widget\" data-widget_type=\"text-editor.default\">\n\t\t\t\t<div class=\"elementor-widget-container\">\n\t\t\t\t\t\t\t\t\t<p>Cancellation Policy<\/p><p>Last updated: November 30th, 2023<\/p><p>This cancellation policy (\"Policy\") applies to the services provided by Digital Sign Advertising (\"Company,\" \"we,\" or \"us\").<\/p><p>1. Cancellation by the Client:<\/p><p>a. General Cancellation:<\/p><p>Clients may cancel services at any time.<br \/>A cancellation request must be submitted  via email.<br \/>The effective cancellation date is the date the written request is received.<\/p><p>b. Cancellation Fees:<\/p><p>Depending on the timing of the cancellation, clients may be subject to cancellation fees.<\/p><p>Cancellation fees are determined based on the progress of the project or service.<\/p><p>2. Cancellation by Digital Sign Advertising:<\/p><p>a. Unforeseen Circumstances:<\/p><p>We reserve the right to cancel services due to unforeseen circumstances, including but not limited to technical issues, force majeure, or any other situation that may prevent us from fulfilling our obligations.<\/p><p>b. Refund in Case of Company Cancellation:<\/p><p>In the event of cancellation by Digital Sign Advertising, clients will receive a full refund for any fees paid.<\/p><p>3. Refund Process:<\/p><p>a. Timing:<\/p><p>Refunds, if applicable, will be processed within 7 business days from the date of the cancellation request.<\/p><p>b. Method:<\/p><p>Refunds will be issued using the same method of payment used for the initial transaction.<\/p><p>4. Changes to the Policy:<\/p><p>a. Updates:<\/p><p>We reserve the right to modify or update this cancellation policy at any time without prior notice.<\/p><p>Clients are responsible for reviewing the cancellation policy periodically.<\/p><p>5. Contact Information:<\/p><p>For any questions or concerns regarding this cancellation policy, please contact us at:<\/p><p>Address: Panama Shopping Center Building, Floor 3, Office 3-3 Obarrio, 58th Street, Corregimiento de Bella Vista Panama City<\/p><p>Phone: +1 888 212 5068<\/p><p>E-mail: cs@digitalsignadvertising.net<\/p>\t\t\t\t\t\t\t\t<\/div>\n\t\t\t\t<\/div>\n\t\t\t\t\t<\/div>\n\t\t\t\t<\/div>\n\t\t\t\t<\/div>","protected":false},"excerpt":{"rendered":"<p>Pol\u00edtica de Cancelaci\u00f3n Ultima actualizaci\u00f3n: 30 de noviembre del 2023. Esta pol\u00edtica de cancelaci\u00f3n (&#8220;Pol\u00edtica&#8221;) se aplica a los servicios proporcionados por Digital Sign Advertising (&#8220;Compa\u00f1\u00eda&#8221;, &#8220;nosotros&#8221; o &#8220;nuestro&#8221;). 1. Cancelaci\u00f3n por parte del Cliente: a. Cancelaci\u00f3n General: Los clientes pueden cancelar los servicios en cualquier momento.Una solicitud de cancelaci\u00f3n debe enviarse por escrito v\u00eda [&hellip;]<\/p>","protected":false},"author":2,"featured_media":0,"parent":0,"menu_order":0,"comment_status":"closed","ping_status":"closed","template":"","meta":{"footnotes":""},"class_list":["post-398","page","type-page","status-publish","hentry"],"aioseo_notices":[],"_links":{"self":[{"href":"https:\/\/digitalsignadvertising.net\/en\/wp-json\/wp\/v2\/pages\/398","targetHints":{"allow":["GET"]}}],"collection":[{"href":"https:\/\/digitalsignadvertising.net\/en\/wp-json\/wp\/v2\/pages"}],"about":[{"href":"https:\/\/digitalsignadvertising.net\/en\/wp-json\/wp\/v2\/types\/page"}],"author":[{"embeddable":true,"href":"https:\/\/digitalsignadvertising.net\/en\/wp-json\/wp\/v2\/users\/2"}],"replies":[{"embeddable":true,"href":"https:\/\/digitalsignadvertising.net\/en\/wp-json\/wp\/v2\/comments?post=398"}],"version-history":[{"count":10,"href":"https:\/\/digitalsignadvertising.net\/en\/wp-json\/wp\/v2\/pages\/398\/revisions"}],"predecessor-version":[{"id":1783,"href":"https:\/\/digitalsignadvertising.net\/en\/wp-json\/wp\/v2\/pages\/398\/revisions\/1783"}],"wp:attachment":[{"href":"https:\/\/digitalsignadvertising.net\/en\/wp-json\/wp\/v2\/media?parent=398"}],"curies":[{"name":"wp","href":"https:\/\/api.w.org\/{rel}","templated":true}]}}