{"id":404,"date":"2023-12-20T19:43:35","date_gmt":"2023-12-20T19:43:35","guid":{"rendered":"https:\/\/digitalsignadvertising.net\/?page_id=404"},"modified":"2024-01-23T19:24:32","modified_gmt":"2024-01-23T19:24:32","slug":"politica-de-reembolso","status":"publish","type":"page","link":"https:\/\/digitalsignadvertising.net\/en\/refund-policy\/","title":{"rendered":"Refund Policy"},"content":{"rendered":"<div data-elementor-type=\"wp-page\" data-elementor-id=\"404\" class=\"elementor elementor-404\" data-elementor-post-type=\"page\">\n\t\t\t\t<div class=\"elementor-element elementor-element-ad9caba e-flex e-con-boxed e-con e-parent\" data-id=\"ad9caba\" data-element_type=\"container\">\n\t\t\t\t\t<div class=\"e-con-inner\">\n\t\t\t\t<div class=\"elementor-element elementor-element-71043df elementor-widget elementor-widget-text-editor\" data-id=\"71043df\" data-element_type=\"widget\" data-widget_type=\"text-editor.default\">\n\t\t\t\t<div class=\"elementor-widget-container\">\n\t\t\t\t\t\t\t\t\t<p>Refund Policy<\/p><p>Last updated: November 30th, 2023<\/p><p>This refund policy (\"Policy\") applies to the services provided by Digital Sign Advertising (\"Company,\" \"we,\" or \"our\").<\/p><p>1. Cancellation and Refund:<\/p><p>a. Right to Cancel:<\/p><p>Clients have the right to cancel services at any time.\nA cancellation request must be submitted via email.<\/p><p>A written request for cancellation must be submitted in writing via e-mail.<\/p><p>The effective cancellation date is the date the written request is received.<\/p><p>b. Cancellation Fees:<\/p><p>Depending on the timing of the cancellation, clients may be subject to cancellation fees.<\/p><p>Cancellation fees are determined based on the progress of the project or service.<\/p><p>2. Refunds for Unrendered Services:<\/p><p>a. Services Not Initiated:<\/p><p>If services have not commenced, clients are entitled to a full refund of any fees paid.<\/p><p>b. Partially Completed Services:<\/p><p>If part of the services has been completed, refunds will be calculated based on the work not performed.<\/p><p>3. Refunds for Digital Sign Advertising Cancellation:<\/p><p>a. Cancellation due to Unforeseen Circumstances:<\/p><p>We reserve the right to cancel services due to unforeseen circumstances.<\/p><p>In the event of cancellation by Digital Sign Advertising, clients will receive a full refund for any fees paid.<\/p><p>4. Refund Process:<\/p><p>a. Timing:<\/p><p>Refunds, if applicable, will be processed within 7 business days from the date of the cancellation request.<\/p><p>b. Method:<\/p><p>Refunds will be issued using the same method of payment used for the initial transaction.<\/p><p>5. Changes to the Policy:<\/p><p>a. Updates:<\/p><p>We reserve the right to modify or update this refund policy at any time without prior notice.<\/p><p>Clients are responsible for reviewing the refund policy periodically.<\/p><p>6. Contact Information:<\/p><p>For any questions or concerns regarding this refund policy, please contact us at:<\/p><p>Address: Panama Shopping Center Building, Floor 3, Office 3-3 Obarrio, 58th Street, Corregimiento de Bella Vista Panama City<\/p><p>Phone: +1 888 212 5068<\/p><p>E-mail: cs@digitalsignadvertising.net<\/p>\t\t\t\t\t\t\t\t<\/div>\n\t\t\t\t<\/div>\n\t\t\t\t\t<\/div>\n\t\t\t\t<\/div>\n\t\t\t\t<\/div>","protected":false},"excerpt":{"rendered":"<p>Pol\u00edtica de Reembolso Ultima actualizaci\u00f3n: 30 de noviembre del 2023. Esta pol\u00edtica de reembolso (&#8220;Pol\u00edtica&#8221;) se aplica a los servicios proporcionados por Digital Sign Advertising (&#8220;Compa\u00f1\u00eda&#8221;, &#8220;nosotros&#8221; o &#8220;nuestro&#8221;). 1. Cancelaci\u00f3n y Reembolso: a. Derecho de Cancelaci\u00f3n: Los clientes tienen el derecho de cancelar los servicios en cualquier momento. Se debe presentar una solicitud de [&hellip;]<\/p>","protected":false},"author":2,"featured_media":0,"parent":0,"menu_order":0,"comment_status":"closed","ping_status":"closed","template":"","meta":{"footnotes":""},"class_list":["post-404","page","type-page","status-publish","hentry"],"aioseo_notices":[],"_links":{"self":[{"href":"https:\/\/digitalsignadvertising.net\/en\/wp-json\/wp\/v2\/pages\/404","targetHints":{"allow":["GET"]}}],"collection":[{"href":"https:\/\/digitalsignadvertising.net\/en\/wp-json\/wp\/v2\/pages"}],"about":[{"href":"https:\/\/digitalsignadvertising.net\/en\/wp-json\/wp\/v2\/types\/page"}],"author":[{"embeddable":true,"href":"https:\/\/digitalsignadvertising.net\/en\/wp-json\/wp\/v2\/users\/2"}],"replies":[{"embeddable":true,"href":"https:\/\/digitalsignadvertising.net\/en\/wp-json\/wp\/v2\/comments?post=404"}],"version-history":[{"count":10,"href":"https:\/\/digitalsignadvertising.net\/en\/wp-json\/wp\/v2\/pages\/404\/revisions"}],"predecessor-version":[{"id":1789,"href":"https:\/\/digitalsignadvertising.net\/en\/wp-json\/wp\/v2\/pages\/404\/revisions\/1789"}],"wp:attachment":[{"href":"https:\/\/digitalsignadvertising.net\/en\/wp-json\/wp\/v2\/media?parent=404"}],"curies":[{"name":"wp","href":"https:\/\/api.w.org\/{rel}","templated":true}]}}