{"id":410,"date":"2023-12-20T19:45:44","date_gmt":"2023-12-20T19:45:44","guid":{"rendered":"https:\/\/digitalsignadvertising.net\/?page_id=410"},"modified":"2024-01-23T19:25:55","modified_gmt":"2024-01-23T19:25:55","slug":"politica-de-revendedor","status":"publish","type":"page","link":"https:\/\/digitalsignadvertising.net\/en\/reseller-policy\/","title":{"rendered":"Reseller Policy"},"content":{"rendered":"<div data-elementor-type=\"wp-page\" data-elementor-id=\"410\" class=\"elementor elementor-410\" data-elementor-post-type=\"page\">\n\t\t\t\t<div class=\"elementor-element elementor-element-2a855ba e-flex e-con-boxed e-con e-parent\" data-id=\"2a855ba\" data-element_type=\"container\">\n\t\t\t\t\t<div class=\"e-con-inner\">\n\t\t\t\t<div class=\"elementor-element elementor-element-4b45aa4 elementor-widget elementor-widget-text-editor\" data-id=\"4b45aa4\" data-element_type=\"widget\" data-widget_type=\"text-editor.default\">\n\t\t\t\t<div class=\"elementor-widget-container\">\n\t\t\t\t\t\t\t\t\t<p>Reseller Policy<\/p><p>Last updated: November 30th, 2023<\/p><p>This Reseller Policy (\"Policy\") outlines the terms and conditions for individuals or businesses (\"Resellers\") interested in reselling the services of Digital Sign Advertising (\"Company,\" \"we,\" or \"our\").<\/p><p>1. Reseller Application:<\/p><p>a. Application Process:<\/p><p>Prospective Resellers must submit an application to become an authorized Reseller.<\/p><p>The Company reserves the right to approve or deny applications based on its discretion<\/p><p>b. Approval Criteria:<\/p><p>The Company will consider factors such as industry experience, market reach, and alignment with our brand values when evaluating applications.<\/p><p>2. Commission Structure:<\/p><p>a. Commission Percentage:<\/p><p>Resellers will receive a commission based on the sales generated through their efforts (See reseller program for specific details on the commission structure).<\/p><p>b. Payment Frequency:<\/p><p>Commissions will be paid on a monthly basis.<\/p><p>3. Responsibilities of Resellers:<\/p><p>a. Marketing and Sales:<\/p><p>Resellers are responsible for actively promoting and selling Digital Sign Advertising services.<\/p><p>Marketing materials provided by the Company must be used accurately and in compliance with our brand guidelines.<\/p><p>b. Customer Support:<\/p><p>Resellers may be the first point of contact for their customers and are responsible for providing basic customer support.<\/p><p>Complex issues will be escalated to the Company for resolution.<\/p><p>4. Branding and Representation:<\/p><p>a. Branding Guidelines:<\/p><p>Resellers must adhere to our branding guidelines when representing Digital Sign Advertising.<\/p><p>Any use of the Company's logo or materials must be approved in advance.<\/p><p>b. Customer Representation:<\/p><p>Resellers must represent Digital Sign Advertising accurately and ethically.<\/p><p>Any false or misleading representation may result in termination of the Reseller agreement.<\/p><p>5. Termination:<\/p><p>Grounds for Termination:<\/p><p>The Company reserves the right to terminate the Reseller agreement for reasons including but not limited to violation of this Policy, unethical practices, or poor performance.<\/p><p>6. Confidentiality:<\/p><p>a. Confidential Information:<\/p><p>Resellers agree to keep all confidential information obtained during the partnership confidential, both during and after the term of the agreement.<\/p><p>7. Changes to the Policy:<\/p><p>a. Policy Updates:<\/p><p>The Company reserves the right to modify or update this Reseller Policy at any time without prior notice.<\/p><p>Resellers are responsible for reviewing the Reseller Policy periodically.<\/p><p>8. Contact Information:<\/p><p>For any questions or concerns regarding this Reseller Policy, please contact us at:<\/p><p>Address: Panama Shopping Center Building, Floor 3, Office 3-3 Obarrio, 58th Street, Corregimiento de Bella Vista Panama City<\/p><p>Phone: +1 888 212 5068<\/p><p>E-mail: cs@digitalsignadvertising.net<\/p>\t\t\t\t\t\t\t\t<\/div>\n\t\t\t\t<\/div>\n\t\t\t\t\t<\/div>\n\t\t\t\t<\/div>\n\t\t\t\t<\/div>","protected":false},"excerpt":{"rendered":"<p>Pol\u00edtica de Revendedor Ultima actualizaci\u00f3n: 30 de noviembre del 2023. Esta Pol\u00edtica de Revendedor (&#8220;Pol\u00edtica&#8221;) describe los t\u00e9rminos y condiciones para individuos o empresas (&#8220;Revendedores&#8221;) interesados en revender los servicios de Digital Sign Advertising (&#8220;Compa\u00f1\u00eda&#8221;, &#8220;nosotros&#8221; o &#8220;nuestro&#8221;). 1. Solicitud de Revendedor: a. Proceso de Solicitud: Los posibles Revendedores deben enviar una solicitud para convertirse [&hellip;]<\/p>","protected":false},"author":2,"featured_media":0,"parent":0,"menu_order":0,"comment_status":"closed","ping_status":"closed","template":"","meta":{"footnotes":""},"class_list":["post-410","page","type-page","status-publish","hentry"],"aioseo_notices":[],"_links":{"self":[{"href":"https:\/\/digitalsignadvertising.net\/en\/wp-json\/wp\/v2\/pages\/410","targetHints":{"allow":["GET"]}}],"collection":[{"href":"https:\/\/digitalsignadvertising.net\/en\/wp-json\/wp\/v2\/pages"}],"about":[{"href":"https:\/\/digitalsignadvertising.net\/en\/wp-json\/wp\/v2\/types\/page"}],"author":[{"embeddable":true,"href":"https:\/\/digitalsignadvertising.net\/en\/wp-json\/wp\/v2\/users\/2"}],"replies":[{"embeddable":true,"href":"https:\/\/digitalsignadvertising.net\/en\/wp-json\/wp\/v2\/comments?post=410"}],"version-history":[{"count":10,"href":"https:\/\/digitalsignadvertising.net\/en\/wp-json\/wp\/v2\/pages\/410\/revisions"}],"predecessor-version":[{"id":1792,"href":"https:\/\/digitalsignadvertising.net\/en\/wp-json\/wp\/v2\/pages\/410\/revisions\/1792"}],"wp:attachment":[{"href":"https:\/\/digitalsignadvertising.net\/en\/wp-json\/wp\/v2\/media?parent=410"}],"curies":[{"name":"wp","href":"https:\/\/api.w.org\/{rel}","templated":true}]}}